{"id":8,"date":"2023-09-10T17:34:44","date_gmt":"2023-09-10T17:34:44","guid":{"rendered":"https:\/\/ulrikaernstrom.se\/?page_id=8"},"modified":"2025-01-24T17:01:43","modified_gmt":"2025-01-24T15:01:43","slug":"om-mig","status":"publish","type":"page","link":"https:\/\/ulrikaernstrom.se\/?page_id=8","title":{"rendered":"Om mig"},"content":{"rendered":"\n<p><\/p>\n\n\n\n<div class=\"wp-block-columns is-layout-flex wp-container-core-columns-is-layout-9d6595d7 wp-block-columns-is-layout-flex\">\n<div class=\"wp-block-column is-layout-flow wp-block-column-is-layout-flow\">\n<p>Journalist, skribent, kommunikat\u00f6r, textproducent &#8211; titeln kan variera, men det jag sysslar med, och \u00e4lskar, \u00e4r att skapa bra inneh\u00e5ll som l\u00e4mnar avtryck. Jag \u00e4r bra p\u00e5 att g\u00f6ra det komplexa begripligt och intressant, och att hitta nyhetsvinklar och ber\u00e4ttelser i alla typer av material. Textproduktion \u00e4r mitt fr\u00e4msta fokus, och jag skriver fr\u00e4mst om vetenskap, innovation, teknik, h\u00e5llbarhet, j\u00e4mst\u00e4lldhet och social h\u00e5llbarhet.<\/p>\n\n\n\n<p>Mina vanligaste uppdrag \u00e4r pressmeddelanden, forskarportr\u00e4tt, nyhetstexter om forskningsprojekt och forskningsresultat f\u00f6r webb eller magasin, samt presentationer, ber\u00e4ttelser och nyhetstexter om startupbolag. Jag tar mig g\u00e4rna an projekt fr\u00e5n ax till limpa \u2013 jag \u00e4r van vid att f\u00e5 en tung forskningsrapport i kn\u00e4t och sj\u00e4lv h\u00e5lla i kontakter, intervjuer och avst\u00e4mningar fram till en f\u00e4rdig leverans. &nbsp;<\/p>\n\n\n\n<p>I bagaget har jag tolv \u00e5r som journalist p\u00e5 en nyhetsredaktion, och sedan 2016 har jag arbetat som kommunikat\u00f6r, pressansvarig och frilansskribent inom forskningsv\u00e4rlden.<\/p>\n\n\n\n<p>H\u00f6r g\u00e4rna av dig om du tror att mina kunskaper inom textproduktion med fokus p\u00e5 vetenskap,  teknik och j\u00e4mst\u00e4lldhet kan skapa v\u00e4rde f\u00f6r din organisation!<\/p>\n\n\n\n<p>Bland mina uppdragsgivare idag finns bland andra Chalmers, Wallenbergstiftelserna, G\u00f6teborgs universitet, GU-journalen, Chalmers Ventures, Curie (Vetenskapsr\u00e5dets magasin), Extrakt (Formas magasin), Dagens Logistik och F\u00f6rvaltarforum.<\/p>\n\n\n\n<p><strong>Kontakt:<\/strong><br>Frilansjournalist Ulrika Ernstr\u00f6m Text &amp; Tanke<br>0704-988575<br><a href=\"mailto:ulrikaernstrom@hotmail.com\">info@ulrikaernstrom.se<\/a><\/p>\n\n\n\n<p>LinkedIn: <a href=\"https:\/\/www.linkedin.com\/in\/ulrika-ernstrom-20b5613\/\">https:\/\/www.linkedin.com\/in\/ulrikaernstrom<\/a><\/p>\n<\/div>\n\n\n\n<div class=\"wp-block-column is-layout-flow wp-block-column-is-layout-flow\">\n<figure class=\"wp-block-image size-large\"><img decoding=\"async\" src=\"https:\/\/media.licdn.com\/dms\/image\/D4D03AQExH1d-Eg3fJA\/profile-displayphoto-shrink_800_800\/0\/1673337280778?e=1700092800&amp;v=beta&amp;t=IOO3gm50z63jnuYA_97o0XGpt8Krt7JaFjkP_D6qYRc\" alt=\"\"\/><\/figure>\n\n\n\n<figure class=\"wp-block-image size-full\"><img loading=\"lazy\" decoding=\"async\" width=\"721\" height=\"1001\" src=\"https:\/\/ulrikaernstrom.se\/wp-content\/uploads\/2023\/12\/UlrikaE_profilbild-1.jpg\" alt=\"\" class=\"wp-image-109\" srcset=\"https:\/\/ulrikaernstrom.se\/wp-content\/uploads\/2023\/12\/UlrikaE_profilbild-1.jpg 721w, https:\/\/ulrikaernstrom.se\/wp-content\/uploads\/2023\/12\/UlrikaE_profilbild-1-216x300.jpg 216w\" sizes=\"auto, (max-width: 721px) 100vw, 721px\" \/><\/figure>\n<\/div>\n<\/div>\n","protected":false},"excerpt":{"rendered":"<p>Journalist, skribent, kommunikat\u00f6r, textproducent &#8211; titeln kan variera, men det jag sysslar med, och \u00e4lskar, \u00e4r att skapa bra inneh\u00e5ll som l\u00e4mnar avtryck. Jag \u00e4r&hellip;<\/p>\n","protected":false},"author":1,"featured_media":0,"parent":0,"menu_order":0,"comment_status":"closed","ping_status":"closed","template":"","meta":{"footnotes":""},"class_list":["post-8","page","type-page","status-publish","hentry"],"yoast_head":"<!-- This site is optimized with the Yoast SEO plugin v27.2 - https:\/\/yoast.com\/product\/yoast-seo-wordpress\/ -->\n<title>Om mig - Text &amp; Tanke<\/title>\n<meta name=\"robots\" content=\"index, follow, max-snippet:-1, max-image-preview:large, max-video-preview:-1\" \/>\n<link rel=\"canonical\" href=\"https:\/\/ulrikaernstrom.se\/?page_id=8\" \/>\n<meta property=\"og:locale\" content=\"sv_SE\" \/>\n<meta property=\"og:type\" content=\"article\" \/>\n<meta property=\"og:title\" content=\"Om mig - Text &amp; Tanke\" \/>\n<meta property=\"og:description\" content=\"Journalist, skribent, kommunikat\u00f6r, textproducent &#8211; titeln kan variera, men det jag sysslar med, och \u00e4lskar, \u00e4r att skapa bra inneh\u00e5ll som l\u00e4mnar avtryck. Jag \u00e4r&hellip;\" \/>\n<meta property=\"og:url\" content=\"https:\/\/ulrikaernstrom.se\/?page_id=8\" \/>\n<meta property=\"og:site_name\" content=\"Text &amp; Tanke\" \/>\n<meta property=\"article:modified_time\" content=\"2025-01-24T15:01:43+00:00\" \/>\n<meta property=\"og:image\" content=\"https:\/\/media.licdn.com\/dms\/image\/D4D03AQExH1d-Eg3fJA\/profile-displayphoto-shrink_800_800\/0\/1673337280778?e=1700092800&amp;v=beta&amp;t=IOO3gm50z63jnuYA_97o0XGpt8Krt7JaFjkP_D6qYRc\" \/>\n<meta name=\"twitter:card\" content=\"summary_large_image\" \/>\n<meta name=\"twitter:label1\" content=\"Ber\u00e4knad l\u00e4stid\" \/>\n\t<meta name=\"twitter:data1\" content=\"2 minuter\" \/>\n<script type=\"application\/ld+json\" class=\"yoast-schema-graph\">{\"@context\":\"https:\/\/schema.org\",\"@graph\":[{\"@type\":\"WebPage\",\"@id\":\"https:\/\/ulrikaernstrom.se\/?page_id=8\",\"url\":\"https:\/\/ulrikaernstrom.se\/?page_id=8\",\"name\":\"Om mig - Text &amp; Tanke\",\"isPartOf\":{\"@id\":\"https:\/\/ulrikaernstrom.se\/#website\"},\"primaryImageOfPage\":{\"@id\":\"https:\/\/ulrikaernstrom.se\/?page_id=8#primaryimage\"},\"image\":{\"@id\":\"https:\/\/ulrikaernstrom.se\/?page_id=8#primaryimage\"},\"thumbnailUrl\":\"https:\/\/media.licdn.com\/dms\/image\/D4D03AQExH1d-Eg3fJA\/profile-displayphoto-shrink_800_800\/0\/1673337280778?e=1700092800&amp;v=beta&amp;t=IOO3gm50z63jnuYA_97o0XGpt8Krt7JaFjkP_D6qYRc\",\"datePublished\":\"2023-09-10T17:34:44+00:00\",\"dateModified\":\"2025-01-24T15:01:43+00:00\",\"breadcrumb\":{\"@id\":\"https:\/\/ulrikaernstrom.se\/?page_id=8#breadcrumb\"},\"inLanguage\":\"sv-SE\",\"potentialAction\":[{\"@type\":\"ReadAction\",\"target\":[\"https:\/\/ulrikaernstrom.se\/?page_id=8\"]}]},{\"@type\":\"ImageObject\",\"inLanguage\":\"sv-SE\",\"@id\":\"https:\/\/ulrikaernstrom.se\/?page_id=8#primaryimage\",\"url\":\"https:\/\/media.licdn.com\/dms\/image\/D4D03AQExH1d-Eg3fJA\/profile-displayphoto-shrink_800_800\/0\/1673337280778?e=1700092800&amp;v=beta&amp;t=IOO3gm50z63jnuYA_97o0XGpt8Krt7JaFjkP_D6qYRc\",\"contentUrl\":\"https:\/\/media.licdn.com\/dms\/image\/D4D03AQExH1d-Eg3fJA\/profile-displayphoto-shrink_800_800\/0\/1673337280778?e=1700092800&amp;v=beta&amp;t=IOO3gm50z63jnuYA_97o0XGpt8Krt7JaFjkP_D6qYRc\"},{\"@type\":\"BreadcrumbList\",\"@id\":\"https:\/\/ulrikaernstrom.se\/?page_id=8#breadcrumb\",\"itemListElement\":[{\"@type\":\"ListItem\",\"position\":1,\"name\":\"Hem\",\"item\":\"https:\/\/ulrikaernstrom.se\/\"},{\"@type\":\"ListItem\",\"position\":2,\"name\":\"Om mig\"}]},{\"@type\":\"WebSite\",\"@id\":\"https:\/\/ulrikaernstrom.se\/#website\",\"url\":\"https:\/\/ulrikaernstrom.se\/\",\"name\":\"Text &amp; Tanke\",\"description\":\"Ulrika Ernstr\u00f6m Frilansjournalist\",\"inLanguage\":\"sv-SE\"}]}<\/script>\n<!-- \/ Yoast SEO plugin. -->","yoast_head_json":{"title":"Om mig - Text &amp; Tanke","robots":{"index":"index","follow":"follow","max-snippet":"max-snippet:-1","max-image-preview":"max-image-preview:large","max-video-preview":"max-video-preview:-1"},"canonical":"https:\/\/ulrikaernstrom.se\/?page_id=8","og_locale":"sv_SE","og_type":"article","og_title":"Om mig - Text &amp; Tanke","og_description":"Journalist, skribent, kommunikat\u00f6r, textproducent &#8211; titeln kan variera, men det jag sysslar med, och \u00e4lskar, \u00e4r att skapa bra inneh\u00e5ll som l\u00e4mnar avtryck. Jag \u00e4r&hellip;","og_url":"https:\/\/ulrikaernstrom.se\/?page_id=8","og_site_name":"Text &amp; Tanke","article_modified_time":"2025-01-24T15:01:43+00:00","og_image":[{"url":"https:\/\/media.licdn.com\/dms\/image\/D4D03AQExH1d-Eg3fJA\/profile-displayphoto-shrink_800_800\/0\/1673337280778?e=1700092800&amp;v=beta&amp;t=IOO3gm50z63jnuYA_97o0XGpt8Krt7JaFjkP_D6qYRc","type":"","width":"","height":""}],"twitter_card":"summary_large_image","twitter_misc":{"Ber\u00e4knad l\u00e4stid":"2 minuter"},"schema":{"@context":"https:\/\/schema.org","@graph":[{"@type":"WebPage","@id":"https:\/\/ulrikaernstrom.se\/?page_id=8","url":"https:\/\/ulrikaernstrom.se\/?page_id=8","name":"Om mig - Text &amp; Tanke","isPartOf":{"@id":"https:\/\/ulrikaernstrom.se\/#website"},"primaryImageOfPage":{"@id":"https:\/\/ulrikaernstrom.se\/?page_id=8#primaryimage"},"image":{"@id":"https:\/\/ulrikaernstrom.se\/?page_id=8#primaryimage"},"thumbnailUrl":"https:\/\/media.licdn.com\/dms\/image\/D4D03AQExH1d-Eg3fJA\/profile-displayphoto-shrink_800_800\/0\/1673337280778?e=1700092800&amp;v=beta&amp;t=IOO3gm50z63jnuYA_97o0XGpt8Krt7JaFjkP_D6qYRc","datePublished":"2023-09-10T17:34:44+00:00","dateModified":"2025-01-24T15:01:43+00:00","breadcrumb":{"@id":"https:\/\/ulrikaernstrom.se\/?page_id=8#breadcrumb"},"inLanguage":"sv-SE","potentialAction":[{"@type":"ReadAction","target":["https:\/\/ulrikaernstrom.se\/?page_id=8"]}]},{"@type":"ImageObject","inLanguage":"sv-SE","@id":"https:\/\/ulrikaernstrom.se\/?page_id=8#primaryimage","url":"https:\/\/media.licdn.com\/dms\/image\/D4D03AQExH1d-Eg3fJA\/profile-displayphoto-shrink_800_800\/0\/1673337280778?e=1700092800&amp;v=beta&amp;t=IOO3gm50z63jnuYA_97o0XGpt8Krt7JaFjkP_D6qYRc","contentUrl":"https:\/\/media.licdn.com\/dms\/image\/D4D03AQExH1d-Eg3fJA\/profile-displayphoto-shrink_800_800\/0\/1673337280778?e=1700092800&amp;v=beta&amp;t=IOO3gm50z63jnuYA_97o0XGpt8Krt7JaFjkP_D6qYRc"},{"@type":"BreadcrumbList","@id":"https:\/\/ulrikaernstrom.se\/?page_id=8#breadcrumb","itemListElement":[{"@type":"ListItem","position":1,"name":"Hem","item":"https:\/\/ulrikaernstrom.se\/"},{"@type":"ListItem","position":2,"name":"Om mig"}]},{"@type":"WebSite","@id":"https:\/\/ulrikaernstrom.se\/#website","url":"https:\/\/ulrikaernstrom.se\/","name":"Text &amp; Tanke","description":"Ulrika Ernstr\u00f6m Frilansjournalist","inLanguage":"sv-SE"}]}},"_links":{"self":[{"href":"https:\/\/ulrikaernstrom.se\/index.php?rest_route=\/wp\/v2\/pages\/8","targetHints":{"allow":["GET"]}}],"collection":[{"href":"https:\/\/ulrikaernstrom.se\/index.php?rest_route=\/wp\/v2\/pages"}],"about":[{"href":"https:\/\/ulrikaernstrom.se\/index.php?rest_route=\/wp\/v2\/types\/page"}],"author":[{"embeddable":true,"href":"https:\/\/ulrikaernstrom.se\/index.php?rest_route=\/wp\/v2\/users\/1"}],"replies":[{"embeddable":true,"href":"https:\/\/ulrikaernstrom.se\/index.php?rest_route=%2Fwp%2Fv2%2Fcomments&post=8"}],"version-history":[{"count":18,"href":"https:\/\/ulrikaernstrom.se\/index.php?rest_route=\/wp\/v2\/pages\/8\/revisions"}],"predecessor-version":[{"id":175,"href":"https:\/\/ulrikaernstrom.se\/index.php?rest_route=\/wp\/v2\/pages\/8\/revisions\/175"}],"wp:attachment":[{"href":"https:\/\/ulrikaernstrom.se\/index.php?rest_route=%2Fwp%2Fv2%2Fmedia&parent=8"}],"curies":[{"name":"wp","href":"https:\/\/api.w.org\/{rel}","templated":true}]}}